{"id":284,"date":"2025-04-28T16:43:22","date_gmt":"2025-04-28T14:43:22","guid":{"rendered":"https:\/\/rorjobb.pressart.nu\/?page_id=284"},"modified":"2025-04-29T15:27:13","modified_gmt":"2025-04-29T13:27:13","slug":"om-mig","status":"publish","type":"page","link":"https:\/\/rorjobb.pressart.nu\/?page_id=284","title":{"rendered":"Om mig"},"content":{"rendered":"\t\t<div data-elementor-type=\"wp-page\" data-elementor-id=\"284\" class=\"elementor elementor-284\" data-elementor-post-type=\"page\">\n\t\t\t\t<div class=\"elementor-element elementor-element-222920f2 e-con-full e-flex e-con e-parent\" data-id=\"222920f2\" data-element_type=\"container\" data-settings=\"{&quot;background_background&quot;:&quot;classic&quot;}\">\n\t\t<div class=\"elementor-element elementor-element-477e4b8c e-con-full e-flex e-con e-child\" data-id=\"477e4b8c\" data-element_type=\"container\" data-settings=\"{&quot;background_background&quot;:&quot;classic&quot;}\">\n\t\t\t\t<\/div>\n\t\t<div class=\"elementor-element elementor-element-7dfee377 e-con-full e-flex e-con e-child\" data-id=\"7dfee377\" data-element_type=\"container\">\n\t\t\t\t<div class=\"elementor-element elementor-element-9425b07 elementor-widget elementor-widget-image\" data-id=\"9425b07\" data-element_type=\"widget\" data-widget_type=\"image.default\">\n\t\t\t\t<div class=\"elementor-widget-container\">\n\t\t\t\t\t\t\t\t\t\t\t\t\t\t\t<img fetchpriority=\"high\" decoding=\"async\" width=\"800\" height=\"565\" src=\"https:\/\/rorjobb.pressart.nu\/wp-content\/uploads\/2025\/04\/PressArt_White.png\" class=\"attachment-large size-large wp-image-365\" alt=\"\" srcset=\"https:\/\/rorjobb.pressart.nu\/wp-content\/uploads\/2025\/04\/PressArt_White.png 842w, https:\/\/rorjobb.pressart.nu\/wp-content\/uploads\/2025\/04\/PressArt_White-300x212.png 300w, https:\/\/rorjobb.pressart.nu\/wp-content\/uploads\/2025\/04\/PressArt_White-768x543.png 768w\" sizes=\"(max-width: 800px) 100vw, 800px\" \/>\t\t\t\t\t\t\t\t\t\t\t\t\t\t\t<\/div>\n\t\t\t\t<\/div>\n\t\t\t\t<\/div>\n\t\t\t\t<\/div>\n\t\t<div class=\"elementor-element elementor-element-6f3efcd e-con-full e-flex e-con e-parent\" data-id=\"6f3efcd\" data-element_type=\"container\" data-settings=\"{&quot;background_background&quot;:&quot;classic&quot;}\">\n\t\t\t\t<div class=\"elementor-element elementor-element-25946466 elementor-widget__width-initial elementor-view-default elementor-position-top elementor-mobile-position-top elementor-widget elementor-widget-icon-box\" data-id=\"25946466\" data-element_type=\"widget\" data-widget_type=\"icon-box.default\">\n\t\t\t\t<div class=\"elementor-widget-container\">\n\t\t\t\t\t\t\t<div class=\"elementor-icon-box-wrapper\">\n\n\t\t\t\t\t\t<div class=\"elementor-icon-box-icon\">\n\t\t\t\t<span  class=\"elementor-icon\">\n\t\t\t\t<svg xmlns=\"http:\/\/www.w3.org\/2000\/svg\" id=\"f219327f-9c60-4a5d-b2c4-de5c3a3d5dbf\" data-name=\"Layer 1\" width=\"32.1133\" height=\"32.0544\" viewBox=\"0 0 32.1133 32.0544\"><path d=\"M30.1152.1852a22.5712,22.5712,0,0,0-4.709-.1074A19.4276,19.4276,0,0,0,19.34,1.6725a24.15,24.15,0,0,0-8.9655,7.0232l-5.9769.7717a.5035.5035,0,0,0-.3584.2295L.0771,15.9694a.4991.4991,0,0,0,.3711.7637l4.7249.489a4.04,4.04,0,0,0-.1956.8371,2.8428,2.8428,0,0,0,.2783,1.6231A6.3686,6.3686,0,0,0,6.64,21.3649l1.1738,1.123c.8877.8467,1.7754,1.6934,2.6494,2.5547a5.3584,5.3584,0,0,0,2.6973,1.71,4.3727,4.3727,0,0,0,.77.0684,4.8918,4.8918,0,0,0,.6483-.0625L15.66,31.6618a.4994.4994,0,0,0,.77.3056l6.2071-4.2265a.4983.4983,0,0,0,.2158-.3574l.6483-5.77c.6434-.548,1.2764-1.1248,1.8878-1.7507a21.8156,21.8156,0,0,0,5.9483-9.9775,35.1933,35.1933,0,0,0,.72-5.5029C32.1621,3.0065,32.3584.443,30.1152.1852Zm-.1133.9942c1.0752.123,1.2022,1.24,1.0576,3.1337-.0288.3711-.0589.7457-.0906,1.1206l-.0012,0c-3.8686-.7024-4.4455-3.5086-4.5313-4.4019.2342-.009.4578-.0317.7-.0317A25.0947,25.0947,0,0,1,30.0019,1.1794ZM1.3535,15.8219l3.4052-5.3925,4.7644-.6151c-.475.6516-.9356,1.3214-1.3659,2.0272C7.6386,12.693,7.1494,13.56,6.663,14.43c-.1259.2266-.2714.4639-.4228.709-.2175.3548-.44.7326-.6438,1.1217Zm11.9843,9.9463A4.4273,4.4273,0,0,1,11.164,24.33c-.8769-.8642-1.7685-1.7148-2.66-2.5654L7.332,20.6432a5.5131,5.5131,0,0,1-1.1826-1.41A1.8372,1.8372,0,0,1,5.9716,18.17v-.001a6.7777,6.7777,0,0,1,1.1211-2.5058c.1582-.2579.3106-.5069.4434-.7442q.5658-1.0108,1.1578-2.0065L19.331,23.3867c-.12.0773-.24.1524-.3594.23A17.0984,17.0984,0,0,1,15.458,25.529,4.095,4.095,0,0,1,13.3378,25.7682Zm8.5459,1.2754-5.4062,3.6817-.9244-4.188c.08-.0252.1561-.0361.2379-.065a17.87,17.87,0,0,0,3.7256-2.0176c.3369-.2187.6728-.4365,1.0117-.6474.6325-.3929,1.2528-.8357,1.8656-1.3023Zm2.79-7.88a25.1294,25.1294,0,0,1-4.4844,3.6682l-.0068-.01L9.2269,12.0337A24.1342,24.1342,0,0,1,19.7441,2.5866a18.4539,18.4539,0,0,1,5.6984-1.5052c.11,1.0822.8163,4.5137,5.3475,5.3362a.5515.5515,0,0,0,.0836.0073,24.5443,24.5443,0,0,1-.5094,3.2281A20.8419,20.8419,0,0,1,24.6738,19.1637Z\"><\/path><path d=\"M22.0527,5.5026a4.3531,4.3531,0,1,0,4.3525,4.3525A4.3577,4.3577,0,0,0,22.0527,5.5026Zm0,7.7061a3.3531,3.3531,0,1,1,3.3525-3.3536A3.3568,3.3568,0,0,1,22.0527,13.2087Z\"><\/path><path d=\"M7.7548,24.3034a.5.5,0,0,0-.707,0l-5.19,5.19a.5.5,0,1,0,.707.707l5.19-5.19A.5.5,0,0,0,7.7548,24.3034Z\"><\/path><path d=\"M3.2734,25.9206,6.0078,23.29a.5.5,0,0,0-.6934-.7207L2.58,25.2a.5.5,0,0,0,.6934.7207Z\"><\/path><path d=\"M8.7607,26.0163,6.0263,28.6471a.5.5,0,0,0,.6934.7207L9.4541,26.737a.5.5,0,0,0-.6934-.7207Z\"><\/path><\/svg>\t\t\t\t<\/span>\n\t\t\t<\/div>\n\t\t\t\n\t\t\t\t\t\t<div class=\"elementor-icon-box-content\">\n\n\t\t\t\t\t\t\t\t\t<h3 class=\"elementor-icon-box-title\">\n\t\t\t\t\t\t<span  >\n\t\t\t\t\t\t\tVIsuell art\t\t\t\t\t\t<\/span>\n\t\t\t\t\t<\/h3>\n\t\t\t\t\n\t\t\t\t\t\t\t\t\t<p class=\"elementor-icon-box-description\">\n\t\t\t\t\t\t\nMed l\u00e5ng erfarenhet fr\u00e5n restaurang, handel och hantverk hj\u00e4lper jag f\u00f6retag att bygga starka varum\u00e4rken genom genomt\u00e4nkt design. Oavsett om det g\u00e4ller en grafisk profil, logotyp eller material f\u00f6r sociala medier skapar jag visuella uttryck som ber\u00e4ttar din historia och engagerar din m\u00e5lgrupp.\n\n\n\t\t\t\t\t<\/p>\n\t\t\t\t\n\t\t\t<\/div>\n\t\t\t\n\t\t<\/div>\n\t\t\t\t\t\t<\/div>\n\t\t\t\t<\/div>\n\t\t\t\t<div class=\"elementor-element elementor-element-152b4f73 elementor-view-default elementor-position-top elementor-mobile-position-top elementor-widget elementor-widget-icon-box\" data-id=\"152b4f73\" data-element_type=\"widget\" data-widget_type=\"icon-box.default\">\n\t\t\t\t<div class=\"elementor-widget-container\">\n\t\t\t\t\t\t\t<div class=\"elementor-icon-box-wrapper\">\n\n\t\t\t\t\t\t<div class=\"elementor-icon-box-icon\">\n\t\t\t\t<span  class=\"elementor-icon\">\n\t\t\t\t<svg xmlns=\"http:\/\/www.w3.org\/2000\/svg\" id=\"ab7d9beb-f9bc-428e-8234-9025957eb973\" data-name=\"Layer 1\" width=\"35.7683\" height=\"34.1523\" viewBox=\"0 0 35.7683 34.1523\"><path d=\"M23.0527,8.8309A8.9608,8.9608,0,0,0,8.9968,15.9674,8.8607,8.8607,0,0,0,10.64,21.383a10.0029,10.0029,0,0,1,1.799,5.8153v2.39a.4221.4221,0,0,0,.148.33l1.582,1.3387v1.6255a1.27,1.27,0,0,0,1.2691,1.2691h5.0244a1.2649,1.2649,0,0,0,1.269-1.2691V31.2577l1.5821-1.3387a.4292.4292,0,0,0,.1562-.33v-2.39a10.2757,10.2757,0,0,1,1.8518-5.8936A8.9693,8.9693,0,0,0,23.0527,8.8309ZM20.862,32.8832a.4006.4006,0,0,1-.4.4085H15.438a.4063.4063,0,0,1-.4-.4085V31.4924H20.862Zm1.7386-3.4857-.2085.1651L21.14,30.6231H14.76l-1.2514-1.0605-.2-.1565V27.6329h9.2923Zm2.008-8.5883a11.0992,11.0992,0,0,0-1.9992,5.9544H13.3a10.7529,10.7529,0,0,0-1.9558-5.8849A8.0917,8.0917,0,0,1,17.95,8.1094h.1042a8.0981,8.0981,0,0,1,6.5542,12.7Z\"><\/path><path d=\"M17.9519,5.7609a.4344.4344,0,0,0,.4343-.4343V2.8243a.4343.4343,0,0,0-.8686,0V5.3266A.4342.4342,0,0,0,17.9519,5.7609Z\"><\/path><path d=\"M29.1828,7.0419a.4343.4343,0,0,0-.6142,0l-1.77,1.77a.4343.4343,0,0,0,.6142.6142l1.77-1.7695A.4345.4345,0,0,0,29.1828,7.0419Z\"><\/path><path d=\"M33.2007,17.4388H30.6982a.4343.4343,0,0,0,0,.8686h2.5025a.4343.4343,0,0,0,0-.8686Z\"><\/path><path d=\"M5.0056,17.8386H2.5032a.4343.4343,0,1,0,0,.8686H5.0056a.4343.4343,0,1,0,0-.8686Z\"><\/path><path d=\"M9.1045,8.8114l-1.7693-1.77a.4343.4343,0,0,0-.6143.6142L8.49,9.4256a.4343.4343,0,1,0,.6143-.6142Z\"><\/path><path d=\"M6.3552,12.916.6145,10.8455a.4587.4587,0,0,0-.3115.863l5.7407,2.07a.4724.4724,0,0,0,.1557.0269.4585.4585,0,0,0,.1558-.89Z\"><\/path><path d=\"M12.2292,6.24a.4584.4584,0,0,0,.8164-.4171L10.3413.5333a.4584.4584,0,0,0-.8164.4172Z\"><\/path><path d=\"M22.7842,6.5792a.4586.4586,0,0,0,.5717-.3053L25.0874.5915A.4586.4586,0,0,0,24.21.3247L22.4787,6.0072A.4589.4589,0,0,0,22.7842,6.5792Z\"><\/path><path d=\"M35.7414,11.2779A.4544.4544,0,0,0,35.156,11l-5.5974,1.9908a.4583.4583,0,0,0,.154.89.4446.4446,0,0,0,.1541-.0269l5.5971-1.9907A.4575.4575,0,0,0,35.7414,11.2779Z\"><\/path><\/svg>\t\t\t\t<\/span>\n\t\t\t<\/div>\n\t\t\t\n\t\t\t\t\t\t<div class=\"elementor-icon-box-content\">\n\n\t\t\t\t\t\t\t\t\t<h3 class=\"elementor-icon-box-title\">\n\t\t\t\t\t\t<span  >\n\t\t\t\t\t\t\tDigital art\t\t\t\t\t\t<\/span>\n\t\t\t\t\t<\/h3>\n\t\t\t\t\n\t\t\t\t\t\t\t\t\t<p class=\"elementor-icon-box-description\">\n\t\t\t\t\t\tJag designar moderna och funktionella webbsidor, digitala kampanjer och inneh\u00e5ll till sociala medier som st\u00e4rker din digitala n\u00e4rvaro. Med k\u00e4nsla f\u00f6r f\u00e4rg, form och fl\u00f6de skapar jag digitalt material som b\u00e5de ser bra ut och fungerar i praktiken.\n\t\t\t\t\t<\/p>\n\t\t\t\t\n\t\t\t<\/div>\n\t\t\t\n\t\t<\/div>\n\t\t\t\t\t\t<\/div>\n\t\t\t\t<\/div>\n\t\t\t\t<div class=\"elementor-element elementor-element-19539c4d elementor-view-default elementor-position-top elementor-mobile-position-top elementor-widget elementor-widget-icon-box\" data-id=\"19539c4d\" data-element_type=\"widget\" data-widget_type=\"icon-box.default\">\n\t\t\t\t<div class=\"elementor-widget-container\">\n\t\t\t\t\t\t\t<div class=\"elementor-icon-box-wrapper\">\n\n\t\t\t\t\t\t<div class=\"elementor-icon-box-icon\">\n\t\t\t\t<span  class=\"elementor-icon\">\n\t\t\t\t<svg xmlns=\"http:\/\/www.w3.org\/2000\/svg\" id=\"f94cb878-6758-444d-aeaa-fb2207fe415b\" data-name=\"Layer 1\" width=\"37.6449\" height=\"29.0397\" viewBox=\"0 0 37.6449 29.0397\"><path d=\"M30.3045,25.4891c-.0107-.0045-.0189-.0127-.03-.0165-.6806-.2332-1.3633-.46-2.0471-.6859l-.9107-.3025a.5457.5457,0,1,0-.3451,1.0353l.9139.3025c.1427.0479.2854.0948.4281.1417-.0543.0223-.1075.0458-.1619.0681a15.4845,15.4845,0,0,1-4.7078.9405c-7.7157.63-13.5717-.1768-17.8929-2.4615a8.9289,8.9289,0,0,1-3.8493-3.2635,4.0337,4.0337,0,0,1-.4345-3.305c.8872-2.9195,4.8026-4.9134,4.842-4.9326a.5454.5454,0,1,0-.4879-.9756c-.1778.0894-4.3712,2.2186-5.3958,5.5876a5.1293,5.1293,0,0,0,.524,4.1571,9.8022,9.8022,0,0,0,4.2924,3.697c3.5351,1.8693,8.0182,2.7928,13.6143,2.7928q2.31,0,4.8772-.21a16.44,16.44,0,0,0,5.1008-1.047l.0054-.002-.9459,1.1353a.5452.5452,0,1,0,.8372.6987l2.0663-2.4806a.5454.5454,0,0,0-.0692-.768A.5334.5334,0,0,0,30.3045,25.4891Z\"><\/path><path d=\"M31.6953,11.9606a.5447.5447,0,1,0-.5177.9586c3.0516,1.65,6.0605,3.7535,5.2383,6.8465-.4037,1.5178-1.652,2.5968-2.86,3.64l-.4228.3664a.545.545,0,1,0,.7179.82l.4175-.3611C35.601,23.0793,36.98,21.89,37.47,20.0459,38.6228,15.7045,33.7691,13.0811,31.6953,11.9606Z\"><\/path><path d=\"M9,16.89l9.5509,5.3991c.0066.0039.0149.0022.0216.0057a.452.452,0,0,0,.4428.0027c.0064-.0032.0138-.0017.02-.0052l9.4327-5.1615a.4994.4994,0,0,0,.2588-.4367V5.8372c0-.0072-.0051-.0128-.0053-.02A.4932.4932,0,0,0,28.6661,5.6l-.0053-.0065c-.0064-.011-.0168-.018-.0237-.0285a.4814.4814,0,0,0-.143-.1407c-.0086-.0054-.012-.0153-.0208-.02L19.0406.0654a.4907.4907,0,0,0-.4857-.0022L9.0041,5.343c-.01.0054-.0139.0167-.0235.0227a.4817.4817,0,0,0-.1424.1383c-.0072.0107-.0181.0178-.0245.029l-.0078.0092a.4908.4908,0,0,0-.0545.2177c0,.0066-.0051.012-.0051.0188V16.4564A.4974.4974,0,0,0,9,16.89ZM9.7432,6.6146l8.554,4.6218v9.7651l-8.554-4.8358Zm9.5509,14.4006V11.2358L27.73,6.6731v9.7258ZM18.7925,1.07l8.4067,4.7578-8.4035,4.5449L10.2841,5.7736Z\"><\/path><\/svg>\t\t\t\t<\/span>\n\t\t\t<\/div>\n\t\t\t\n\t\t\t\t\t\t<div class=\"elementor-icon-box-content\">\n\n\t\t\t\t\t\t\t\t\t<h3 class=\"elementor-icon-box-title\">\n\t\t\t\t\t\t<span  >\n\t\t\t\t\t\t\tPrint art\t\t\t\t\t\t<\/span>\n\t\t\t\t\t<\/h3>\n\t\t\t\t\n\t\t\t\t\t\t\t\t\t<p class=\"elementor-icon-box-description\">\n\t\t\t\t\t\tTrycksaker som affischer, broschyrer, menyer och visitkort f\u00e5r nytt liv genom kreativ och v\u00e4lgjord formgivning. Jag kombinerar traditionellt hantverk med modern design f\u00f6r att skapa material som l\u00e4mnar ett best\u00e5ende intryck.\n\t\t\t\t\t<\/p>\n\t\t\t\t\n\t\t\t<\/div>\n\t\t\t\n\t\t<\/div>\n\t\t\t\t\t\t<\/div>\n\t\t\t\t<\/div>\n\t\t\t\t<\/div>\n\t\t<div class=\"elementor-element elementor-element-58682bb2 e-con-full e-flex e-con e-parent\" data-id=\"58682bb2\" data-element_type=\"container\">\n\t\t\t\t<div class=\"elementor-element elementor-element-58d568b5 elementor-invisible elementor-widget elementor-widget-heading\" data-id=\"58d568b5\" data-element_type=\"widget\" data-settings=\"{&quot;_animation&quot;:&quot;fadeInDown&quot;}\" data-widget_type=\"heading.default\">\n\t\t\t\t<div class=\"elementor-widget-container\">\n\t\t\t\t\t<h1 class=\"elementor-heading-title elementor-size-default\">Erfarenhet \u00e4r n\u00e5got fantastiskt. Den hj\u00e4lper dig att k\u00e4nna igen ett misstag n\u00e4r du beg\u00e5r det p\u00e5 nytt.<\/h1>\t\t\t\t<\/div>\n\t\t\t\t<\/div>\n\t\t\t\t<div class=\"elementor-element elementor-element-30f0ea6e elementor-widget elementor-widget-heading\" data-id=\"30f0ea6e\" data-element_type=\"widget\" data-widget_type=\"heading.default\">\n\t\t\t\t<div class=\"elementor-widget-container\">\n\t\t\t\t\t<h2 class=\"elementor-heading-title elementor-size-default\">S\u00f6ker du en trygg och erfaren partner f\u00f6r din visuella kommunikation? Jag heter Ulrika Larsson Forsberg och driver Press Art, en designbyr\u00e5 med \u00f6ver 30 \u00e5rs erfarenhet av att skapa professionell och s\u00e4ljande kommunikation f\u00f6r sm\u00e5 och medelstora f\u00f6retag.\n\n<\/h2>\t\t\t\t<\/div>\n\t\t\t\t<\/div>\n\t\t\t\t<div class=\"elementor-element elementor-element-6f6ed3b8 elementor-widget elementor-widget-text-editor\" data-id=\"6f6ed3b8\" data-element_type=\"widget\" data-widget_type=\"text-editor.default\">\n\t\t\t\t<div class=\"elementor-widget-container\">\n\t\t\t\t\t\t\t\t\t<p class=\"\" data-start=\"128\" data-end=\"184\">Jag hj\u00e4lper dig att n\u00e5 ut \u2013 oavsett om du beh\u00f6ver en modern webbplats, en slagkraftig logotyp, en grafisk profil, kampanjer i sociala medier eller trycksaker som verkligen syns. Med stor f\u00f6rst\u00e5else f\u00f6r branscher som restaurang, handel och hantverk vet jag hur vi paketerar ditt budskap p\u00e5 ett s\u00e4tt som engagerar och bygger kundlojalitet.<\/p>\t\t\t\t\t\t\t\t<\/div>\n\t\t\t\t<\/div>\n\t\t\t\t<\/div>\n\t\t<div class=\"elementor-element elementor-element-6e74d952 e-con-full e-flex e-con e-parent\" data-id=\"6e74d952\" data-element_type=\"container\" data-settings=\"{&quot;background_background&quot;:&quot;classic&quot;}\">\n\t\t\t\t<div class=\"elementor-element elementor-element-1b6cab72 animated-slow elementor-invisible elementor-widget elementor-widget-heading\" data-id=\"1b6cab72\" data-element_type=\"widget\" data-settings=\"{&quot;_animation&quot;:&quot;fadeInLeft&quot;,&quot;_animation_delay&quot;:&quot;0.8&quot;}\" data-widget_type=\"heading.default\">\n\t\t\t\t<div class=\"elementor-widget-container\">\n\t\t\t\t\t<h2 class=\"elementor-heading-title elementor-size-default\">Engagera din m\u00e5lgrupp<\/h2>\t\t\t\t<\/div>\n\t\t\t\t<\/div>\n\t\t\t\t<\/div>\n\t\t<div class=\"elementor-element elementor-element-6a1e9294 e-con-full e-flex e-con e-parent\" data-id=\"6a1e9294\" data-element_type=\"container\">\n\t\t<div class=\"elementor-element elementor-element-4bac4155 e-con-full e-flex e-con e-child\" data-id=\"4bac4155\" data-element_type=\"container\" data-settings=\"{&quot;background_background&quot;:&quot;classic&quot;}\">\n\t\t\t\t<\/div>\n\t\t<div class=\"elementor-element elementor-element-16c2354c e-con-full e-flex e-con e-child\" data-id=\"16c2354c\" data-element_type=\"container\" data-settings=\"{&quot;background_background&quot;:&quot;classic&quot;,&quot;motion_fx_motion_fx_scrolling&quot;:&quot;yes&quot;,&quot;motion_fx_translateY_effect&quot;:&quot;yes&quot;,&quot;motion_fx_translateY_direction&quot;:&quot;negative&quot;,&quot;motion_fx_translateY_affectedRange&quot;:{&quot;unit&quot;:&quot;%&quot;,&quot;size&quot;:&quot;&quot;,&quot;sizes&quot;:{&quot;start&quot;:&quot;50&quot;,&quot;end&quot;:&quot;75&quot;}},&quot;motion_fx_devices&quot;:[&quot;desktop&quot;],&quot;motion_fx_translateY_speed&quot;:{&quot;unit&quot;:&quot;px&quot;,&quot;size&quot;:4,&quot;sizes&quot;:[]}}\">\n\t\t\t\t<div class=\"elementor-element elementor-element-161b7d22 elementor-widget-divider--view-line elementor-widget elementor-widget-divider\" data-id=\"161b7d22\" data-element_type=\"widget\" data-widget_type=\"divider.default\">\n\t\t\t\t<div class=\"elementor-widget-container\">\n\t\t\t\t\t\t\t<div class=\"elementor-divider\">\n\t\t\t<span class=\"elementor-divider-separator\">\n\t\t\t\t\t\t<\/span>\n\t\t<\/div>\n\t\t\t\t\t\t<\/div>\n\t\t\t\t<\/div>\n\t\t<div class=\"elementor-element elementor-element-6a1fb1e3 e-con-full e-flex e-con e-child\" data-id=\"6a1fb1e3\" data-element_type=\"container\">\n\t\t<div class=\"elementor-element elementor-element-313dc269 e-con-full e-flex e-con e-child\" data-id=\"313dc269\" data-element_type=\"container\">\n\t\t\t\t<div class=\"elementor-element elementor-element-522c9b61 elementor-widget elementor-widget-heading\" data-id=\"522c9b61\" data-element_type=\"widget\" data-widget_type=\"heading.default\">\n\t\t\t\t<div class=\"elementor-widget-container\">\n\t\t\t\t\t<h2 class=\"elementor-heading-title elementor-size-default\">Kontakt<\/h2>\t\t\t\t<\/div>\n\t\t\t\t<\/div>\n\t\t\t\t<div class=\"elementor-element elementor-element-7723c73e elementor-widget elementor-widget-text-editor\" data-id=\"7723c73e\" data-element_type=\"widget\" data-widget_type=\"text-editor.default\">\n\t\t\t\t<div class=\"elementor-widget-container\">\n\t\t\t\t\t\t\t\t\t<mailto:> ulrika@pressart.nu\t\t\t\t\t\t\t\t<\/div>\n\t\t\t\t<\/div>\n\t\t\t\t<\/div>\n\t\t\t\t<\/div>\n\t\t\t\t<\/div>\n\t\t\t\t<\/div>\n\t\t\t\t<\/div>\n\t\t","protected":false},"excerpt":{"rendered":"<p>VIsuell art Med l\u00e5ng erfarenhet fr\u00e5n restaurang, handel och hantverk hj\u00e4lper jag f\u00f6retag att bygga starka varum\u00e4rken genom genomt\u00e4nkt design. Oavsett om det g\u00e4ller en grafisk profil, logotyp eller material f\u00f6r sociala medier skapar jag visuella uttryck som ber\u00e4ttar din historia och engagerar din m\u00e5lgrupp. Digital art Jag designar moderna och funktionella webbsidor, digitala kampanjer [&hellip;]<\/p>\n","protected":false},"author":1,"featured_media":0,"parent":0,"menu_order":0,"comment_status":"closed","ping_status":"closed","template":"elementor_header_footer","meta":{"_monsterinsights_skip_tracking":false,"_monsterinsights_sitenote_active":false,"_monsterinsights_sitenote_note":"","_monsterinsights_sitenote_category":0,"footnotes":""},"class_list":["post-284","page","type-page","status-publish","hentry"],"_links":{"self":[{"href":"https:\/\/rorjobb.pressart.nu\/index.php?rest_route=\/wp\/v2\/pages\/284","targetHints":{"allow":["GET"]}}],"collection":[{"href":"https:\/\/rorjobb.pressart.nu\/index.php?rest_route=\/wp\/v2\/pages"}],"about":[{"href":"https:\/\/rorjobb.pressart.nu\/index.php?rest_route=\/wp\/v2\/types\/page"}],"author":[{"embeddable":true,"href":"https:\/\/rorjobb.pressart.nu\/index.php?rest_route=\/wp\/v2\/users\/1"}],"replies":[{"embeddable":true,"href":"https:\/\/rorjobb.pressart.nu\/index.php?rest_route=%2Fwp%2Fv2%2Fcomments&post=284"}],"version-history":[{"count":23,"href":"https:\/\/rorjobb.pressart.nu\/index.php?rest_route=\/wp\/v2\/pages\/284\/revisions"}],"predecessor-version":[{"id":1450,"href":"https:\/\/rorjobb.pressart.nu\/index.php?rest_route=\/wp\/v2\/pages\/284\/revisions\/1450"}],"wp:attachment":[{"href":"https:\/\/rorjobb.pressart.nu\/index.php?rest_route=%2Fwp%2Fv2%2Fmedia&parent=284"}],"curies":[{"name":"wp","href":"https:\/\/api.w.org\/{rel}","templated":true}]}}